{"id":52,"date":"2021-10-17T18:38:35","date_gmt":"2021-10-17T18:38:35","guid":{"rendered":"https:\/\/iecc.edu.mx\/?page_id=52"},"modified":"2021-10-17T18:58:03","modified_gmt":"2021-10-17T18:58:03","slug":"quienes-somos","status":"publish","type":"page","link":"https:\/\/iecc.edu.mx\/?page_id=52","title":{"rendered":"\u00bfQui\u00e9nes Somos?"},"content":{"rendered":"\n<h4><strong>Congregaci\u00f3n de Hijas de Mar\u00eda Inmaculada de Guadalupe<\/strong><\/h4>\n\n\n\n<p>La congregaci\u00f3n Hijas de Mar\u00eda Inmaculada de Guadalupe es una congregaci\u00f3n religiosa femenina de derecho pontificio fundada por el sacerdote cat\u00f3lico Jos\u00e9 Antonio Plancarte y Labastida en Jacona el 2 de febrero de 1878.<\/p>\n\n\n\n<h4><strong>Misi\u00f3n<\/strong><\/h4>\n\n\n\n<p>La Instituci\u00f3n Educativa y Cultural Coeneo es una instituci\u00f3n Cat\u00f3lica que tiene como misi\u00f3n formar el Humanismo Cristiano, mediante la educaci\u00f3n evangelizadora, integral y arm\u00f3nica de la ni\u00f1ez y juventud<\/p>\n\n\n\n<h4><strong>Visi\u00f3n<\/strong><\/h4>\n\n\n\n<p>Fiel al ideal educativo del Padre Jos\u00e9 Antonio Plancarte y Labastida nos proponemos proyectarnos a la sociedad postmoderna como una instituci\u00f3n educativa por su Humanismo Cristiano y su nivel cultural.<\/p>\n\n\n\n<h4><strong>Consejo Directivo<\/strong><\/h4>\n\n\n\n<p>(fotos)<\/p>\n\n\n\n<h4><strong>Colaboradores<\/strong><\/h4>\n\n\n\n<p>(Info)<\/p>\n","protected":false},"excerpt":{"rendered":"<p>Congregaci\u00f3n de Hijas de Mar\u00eda Inmaculada de Guadalupe La congregaci\u00f3n Hijas de Mar\u00eda Inmaculada de Guadalupe es una congregaci\u00f3n religiosa femenina de derecho pontificio fundada por el sacerdote cat\u00f3lico Jos\u00e9 Antonio Plancarte y Labastida en Jacona el 2 de febrero de 1878. Misi\u00f3n La Instituci\u00f3n Educativa y Cultural Coeneo es una instituci\u00f3n Cat\u00f3lica que tiene [&hellip;]<\/p>\n","protected":false},"author":1,"featured_media":0,"parent":0,"menu_order":0,"comment_status":"closed","ping_status":"closed","template":"","meta":[],"_links":{"self":[{"href":"https:\/\/iecc.edu.mx\/index.php?rest_route=\/wp\/v2\/pages\/52"}],"collection":[{"href":"https:\/\/iecc.edu.mx\/index.php?rest_route=\/wp\/v2\/pages"}],"about":[{"href":"https:\/\/iecc.edu.mx\/index.php?rest_route=\/wp\/v2\/types\/page"}],"author":[{"embeddable":true,"href":"https:\/\/iecc.edu.mx\/index.php?rest_route=\/wp\/v2\/users\/1"}],"replies":[{"embeddable":true,"href":"https:\/\/iecc.edu.mx\/index.php?rest_route=%2Fwp%2Fv2%2Fcomments&post=52"}],"version-history":[{"count":7,"href":"https:\/\/iecc.edu.mx\/index.php?rest_route=\/wp\/v2\/pages\/52\/revisions"}],"predecessor-version":[{"id":78,"href":"https:\/\/iecc.edu.mx\/index.php?rest_route=\/wp\/v2\/pages\/52\/revisions\/78"}],"wp:attachment":[{"href":"https:\/\/iecc.edu.mx\/index.php?rest_route=%2Fwp%2Fv2%2Fmedia&parent=52"}],"curies":[{"name":"wp","href":"https:\/\/api.w.org\/{rel}","templated":true}]}}