{"id":53,"date":"2021-10-17T18:38:35","date_gmt":"2021-10-17T18:38:35","guid":{"rendered":"https:\/\/iecc.edu.mx\/?page_id=53"},"modified":"2021-10-17T19:01:15","modified_gmt":"2021-10-17T19:01:15","slug":"programas-academicos","status":"publish","type":"page","link":"https:\/\/iecc.edu.mx\/?page_id=53","title":{"rendered":"Programas Acad\u00e9micos"},"content":{"rendered":"\n<h4><strong>Programa de Espa\u00f1ol\u00a0 y Matem\u00e1ticas<\/strong><\/h4>\n\n\n\n<p>(info)<\/p>\n\n\n\n<h4><strong>Programa de Ingl\u00e9s<\/strong><\/h4>\n\n\n\n<p>(info)<\/p>\n\n\n\n<h4><strong>Programa de Inform\u00e1tica<\/strong><\/h4>\n\n\n\n<p>(Info)<\/p>\n\n\n\n<h4><strong>Acompa\u00f1amiento Acad\u00e9mico<\/strong><\/h4>\n\n\n\n<p>(Info)<\/p>\n\n\n\n<h4><strong>Acompa\u00f1amiento Psicol\u00f3gico<\/strong><\/h4>\n\n\n\n<p>(Info)<\/p>\n\n\n\n<h4><strong>Actividades Art\u00edsticas y Culturales<\/strong><\/h4>\n\n\n\n<p>(info)<\/p>\n","protected":false},"excerpt":{"rendered":"<p>Programa de Espa\u00f1ol\u00a0 y Matem\u00e1ticas (info) Programa de Ingl\u00e9s (info) Programa de Inform\u00e1tica (Info) Acompa\u00f1amiento Acad\u00e9mico (Info) Acompa\u00f1amiento Psicol\u00f3gico (Info) Actividades Art\u00edsticas y Culturales (info)<\/p>\n","protected":false},"author":1,"featured_media":0,"parent":0,"menu_order":0,"comment_status":"closed","ping_status":"closed","template":"","meta":[],"_links":{"self":[{"href":"https:\/\/iecc.edu.mx\/index.php?rest_route=\/wp\/v2\/pages\/53"}],"collection":[{"href":"https:\/\/iecc.edu.mx\/index.php?rest_route=\/wp\/v2\/pages"}],"about":[{"href":"https:\/\/iecc.edu.mx\/index.php?rest_route=\/wp\/v2\/types\/page"}],"author":[{"embeddable":true,"href":"https:\/\/iecc.edu.mx\/index.php?rest_route=\/wp\/v2\/users\/1"}],"replies":[{"embeddable":true,"href":"https:\/\/iecc.edu.mx\/index.php?rest_route=%2Fwp%2Fv2%2Fcomments&post=53"}],"version-history":[{"count":6,"href":"https:\/\/iecc.edu.mx\/index.php?rest_route=\/wp\/v2\/pages\/53\/revisions"}],"predecessor-version":[{"id":84,"href":"https:\/\/iecc.edu.mx\/index.php?rest_route=\/wp\/v2\/pages\/53\/revisions\/84"}],"wp:attachment":[{"href":"https:\/\/iecc.edu.mx\/index.php?rest_route=%2Fwp%2Fv2%2Fmedia&parent=53"}],"curies":[{"name":"wp","href":"https:\/\/api.w.org\/{rel}","templated":true}]}}